{"id":22576,"date":"2022-01-10T14:35:07","date_gmt":"2022-01-10T13:35:07","guid":{"rendered":"https:\/\/www.nafili.de\/?page_id=22576"},"modified":"2024-10-20T17:31:45","modified_gmt":"2024-10-20T15:31:45","slug":"gewaesser-geiete","status":"publish","type":"page","link":"https:\/\/www.nafili.de\/?page_id=22576","title":{"rendered":"Gew\u00e4sser &#038; Gebiete"},"content":{"rendered":"<p>[et_pb_section fb_built=&#8220;1&#8243; admin_label=&#8220;Section&#8220; _builder_version=&#8220;4.16&#8243; global_colors_info=&#8220;{}&#8220;][et_pb_row admin_label=&#8220;Row&#8220; _builder_version=&#8220;4.16&#8243; background_size=&#8220;initial&#8220; background_position=&#8220;top_left&#8220; background_repeat=&#8220;repeat&#8220; global_colors_info=&#8220;{}&#8220;][et_pb_column type=&#8220;4_4&#8243; admin_label=&#8220;Column&#8220; _builder_version=&#8220;4.16&#8243; custom_padding=&#8220;|||&#8220; global_colors_info=&#8220;{}&#8220; custom_padding__hover=&#8220;|||&#8220;][et_pb_text admin_label=&#8220;Text&#8220; _builder_version=&#8220;4.27.2&#8243; _module_preset=&#8220;default&#8220; global_colors_info=&#8220;{}&#8220;]<\/p>\n<h1 style=\"text-align: left;\">Gew\u00e4sser &amp; Angelgebiete<\/h1>\n<p style=\"text-align: left;\">\n<p style=\"text-align: left;\">Das Angelgebiet des Vereins verteilt sich auf 2 Fliesgew\u00e4sser, Heerenwasserkanal und Rhein, sowie 5 kleinere\u00a0 &#8222;L\u00f6cher&#8220;. Damit die Gew\u00e4sser gefunden werden k\u00f6nnen haben wir diese auf\u00a0 Openstreetmap eingetragen ( siehe Karte weiter unten):<\/p>\n<h1>Fliesgew\u00e4sser<\/h1>\n<ul>\n<li style=\"text-align: left;\">Rhein<\/li>\n<li style=\"text-align: left;\">Herrenwasserkanal<\/li>\n<\/ul>\n<h1>L\u00f6cher<\/h1>\n<ul>\n<li><a href=\"https:\/\/www.nafili.de\/?page_id=22747\">Auloch<\/a><\/li>\n<li>Torfwiesenloch<\/li>\n<li>Grasloh\u00e4ckereloch<\/li>\n<li>17er Bruch<\/li>\n<li>K\u00f6nigssee<\/li>\n<\/ul>\n<p style=\"text-align: left;\">\n<p>[\/et_pb_text][\/et_pb_column][\/et_pb_row][et_pb_row _builder_version=&#8220;4.27.2&#8243; _module_preset=&#8220;default&#8220; global_colors_info=&#8220;{}&#8220;][et_pb_column type=&#8220;4_4&#8243; _builder_version=&#8220;4.27.2&#8243; _module_preset=&#8220;default&#8220; global_colors_info=&#8220;{}&#8220;][et_pb_code _builder_version=&#8220;4.27.2&#8243; _module_preset=&#8220;default&#8220; global_colors_info=&#8220;{}&#8220;]<iframe loading=\"lazy\" width=\"100%\" height=\"600px\" frameborder=\"0\" allowfullscreen allow=\"geolocation\" src=\"\/\/umap.openstreetmap.fr\/de\/map\/nafiligewaesser_1128871?scaleControl=false&#038;miniMap=false&#038;scrollWheelZoom=false&#038;zoomControl=true&#038;editMode=disabled&#038;moreControl=true&#038;searchControl=null&#038;tilelayersControl=null&#038;embedControl=null&#038;datalayersControl=true&#038;onLoadPanel=none&#038;captionBar=false&#038;captionMenus=true\"><\/iframe><pee><a href=\"\/\/umap.openstreetmap.fr\/de\/map\/nafiligewaesser_1128871?scaleControl=false&#038;miniMap=false&#038;scrollWheelZoom=true&#038;zoomControl=true&#038;editMode=disabled&#038;moreControl=true&#038;searchControl=null&#038;tilelayersControl=null&#038;embedControl=null&#038;datalayersControl=true&#038;onLoadPanel=none&#038;captionBar=false&#038;captionMenus=true\">Vollbildanzeige<\/a><\/pee>[\/et_pb_code][\/et_pb_column][\/et_pb_row][\/et_pb_section][et_pb_section fb_built=&#8220;1&#8243; admin_label=&#8220;Section&#8220; _builder_version=&#8220;4.27.2&#8243; _module_preset=&#8220;default&#8220; global_colors_info=&#8220;{}&#8220;][\/et_pb_section]<\/p>\n","protected":false},"excerpt":{"rendered":"<p>MAl schauen<\/p>\n","protected":false},"author":3,"featured_media":0,"parent":0,"menu_order":0,"comment_status":"closed","ping_status":"closed","template":"","meta":{"_et_pb_use_builder":"on","_et_pb_old_content":"<!-- wp:html -->\n<iframe width=\"100%\" height=\"600px\" frameborder=\"0\" allowfullscreen allow=\"geolocation\" src=\"\/\/umap.openstreetmap.fr\/de\/map\/natur-und-angelfreunde-lielse_278146?scaleControl=false&miniMap=false&scrollWheelZoom=false&zoomControl=true&editMode=disabled&moreControl=true&searchControl=null&tilelayersControl=null&embedControl=null&datalayersControl=true&onLoadPanel=none&captionBar=false&captionMenus=true\"><\/iframe><p><a href=\"\/\/umap.openstreetmap.fr\/de\/map\/natur-und-angelfreunde-lielse_278146?scaleControl=false&miniMap=false&scrollWheelZoom=true&zoomControl=true&editMode=disabled&moreControl=true&searchControl=null&tilelayersControl=null&embedControl=null&datalayersControl=true&onLoadPanel=none&captionBar=false&captionMenus=true\">Vollbildanzeige<\/a><\/p>\n<!-- \/wp:html -->","_et_gb_content_width":"1080","footnotes":""},"class_list":["post-22576","page","type-page","status-publish","hentry"],"_links":{"self":[{"href":"https:\/\/www.nafili.de\/index.php?rest_route=\/wp\/v2\/pages\/22576","targetHints":{"allow":["GET"]}}],"collection":[{"href":"https:\/\/www.nafili.de\/index.php?rest_route=\/wp\/v2\/pages"}],"about":[{"href":"https:\/\/www.nafili.de\/index.php?rest_route=\/wp\/v2\/types\/page"}],"author":[{"embeddable":true,"href":"https:\/\/www.nafili.de\/index.php?rest_route=\/wp\/v2\/users\/3"}],"replies":[{"embeddable":true,"href":"https:\/\/www.nafili.de\/index.php?rest_route=%2Fwp%2Fv2%2Fcomments&post=22576"}],"version-history":[{"count":31,"href":"https:\/\/www.nafili.de\/index.php?rest_route=\/wp\/v2\/pages\/22576\/revisions"}],"predecessor-version":[{"id":22756,"href":"https:\/\/www.nafili.de\/index.php?rest_route=\/wp\/v2\/pages\/22576\/revisions\/22756"}],"wp:attachment":[{"href":"https:\/\/www.nafili.de\/index.php?rest_route=%2Fwp%2Fv2%2Fmedia&parent=22576"}],"curies":[{"name":"wp","href":"https:\/\/api.w.org\/{rel}","templated":true}]}}